{"id":3,"date":"2026-02-04T16:24:17","date_gmt":"2026-02-04T16:24:17","guid":{"rendered":"https:\/\/mundosanomultiplagas.com\/?page_id=3"},"modified":"2026-04-06T14:48:45","modified_gmt":"2026-04-06T19:48:45","slug":"politicas-de-privacidad","status":"publish","type":"page","link":"https:\/\/mundosanomultiplagas.com\/es\/politicas-de-privacidad\/","title":{"rendered":"Pol\u00edticas de privacidad"},"content":{"rendered":"<h2 style=\"font-weight: bold; font-size: 28px;\">T\u00e9rminos y Condiciones<\/h2>\n<p>En <strong>Mundo Sano Multiplagas<\/strong>, nos comprometemos a brindar servicios especializados en control de plagas y gesti\u00f3n sanitaria, orientados a la protecci\u00f3n de la salud p\u00fablica, la inocuidad alimentaria y la higiene ambiental. Al contratar nuestros servicios, el cliente acepta las condiciones aqu\u00ed descritas.<\/p>\n<h2 style=\"font-weight: bold; font-size: 24px;\">Responsabilidad del Servicio<\/h2>\n<p>Mundo Sano Multiplagas ejecuta sus servicios bajo protocolos t\u00e9cnicos y est\u00e1ndares profesionales. Sin embargo, no se responsabiliza por factores externos que puedan afectar los resultados, como condiciones estructurales, ambientales o falta de cumplimiento de recomendaciones por parte del cliente.<\/p>\n<h2 style=\"font-weight: bold; font-size: 24px;\">Uso y Alcance del Servicio<\/h2>\n<p>Los tratamientos aplicados est\u00e1n dise\u00f1ados para el control y prevenci\u00f3n de plagas dentro de los par\u00e1metros establecidos en cada servicio. El cliente es responsable de seguir las indicaciones brindadas por el personal t\u00e9cnico para garantizar la efectividad del tratamiento.<\/p>\n<h2 style=\"font-weight: bold; font-size: 24px;\">Seguridad y Buenas Pr\u00e1cticas<\/h2>\n<p>Nuestro equipo aplica metodolog\u00edas seguras y productos autorizados, alineados a normativas vigentes. Mundo Sano Multiplagas no se responsabiliza por el uso indebido de productos o por intervenciones externas posteriores al servicio.<\/p>\n<h2 style=\"font-weight: bold; font-size: 24px;\">Propiedad Intelectual<\/h2>\n<p>Todos los contenidos, metodolog\u00edas, materiales y recursos utilizados por Mundo Sano Multiplagas son de uso exclusivo de la empresa y est\u00e1n protegidos por derechos de propiedad intelectual.<\/p>\n<h2 style=\"font-weight: bold; font-size: 24px;\">Protecci\u00f3n de Datos<\/h2>\n<p>La informaci\u00f3n proporcionada por nuestros clientes ser\u00e1 tratada con confidencialidad y utilizada \u00fanicamente para fines operativos y de mejora del servicio, garantizando la protecci\u00f3n de los datos personales.<\/p>\n<h2 style=\"font-weight: bold; font-size: 24px;\">Modificaciones<\/h2>\n<p>Mundo Sano Multiplagas se reserva el derecho de actualizar estos t\u00e9rminos y condiciones en cualquier momento, con el fin de mejorar la calidad del servicio y adaptarse a normativas vigentes.<\/p>\n<h2 style=\"font-weight: bold; font-size: 24px;\">Compromiso<\/h2>\n<p>Solicitamos a nuestros clientes actuar de buena fe y en cumplimiento de estas condiciones, promoviendo una relaci\u00f3n basada en la confianza, la transparencia y la seguridad sanitaria.<\/p>","protected":false},"excerpt":{"rendered":"<p>T\u00e9rminos y Condiciones En Mundo Sano Multiplagas, nos comprometemos a brindar servicios especializados en control de plagas y gesti\u00f3n sanitaria, orientados a la protecci\u00f3n de la salud p\u00fablica, la inocuidad alimentaria y la higiene ambiental. Al contratar nuestros servicios, el&#8230;<\/p>","protected":false},"author":1,"featured_media":0,"parent":0,"menu_order":0,"comment_status":"closed","ping_status":"open","template":"","meta":{"footnotes":""},"class_list":["post-3","page","type-page","status-publish","hentry"],"_links":{"self":[{"href":"https:\/\/mundosanomultiplagas.com\/es\/wp-json\/wp\/v2\/pages\/3","targetHints":{"allow":["GET"]}}],"collection":[{"href":"https:\/\/mundosanomultiplagas.com\/es\/wp-json\/wp\/v2\/pages"}],"about":[{"href":"https:\/\/mundosanomultiplagas.com\/es\/wp-json\/wp\/v2\/types\/page"}],"author":[{"embeddable":true,"href":"https:\/\/mundosanomultiplagas.com\/es\/wp-json\/wp\/v2\/users\/1"}],"replies":[{"embeddable":true,"href":"https:\/\/mundosanomultiplagas.com\/es\/wp-json\/wp\/v2\/comments?post=3"}],"version-history":[{"count":1,"href":"https:\/\/mundosanomultiplagas.com\/es\/wp-json\/wp\/v2\/pages\/3\/revisions"}],"predecessor-version":[{"id":2655,"href":"https:\/\/mundosanomultiplagas.com\/es\/wp-json\/wp\/v2\/pages\/3\/revisions\/2655"}],"wp:attachment":[{"href":"https:\/\/mundosanomultiplagas.com\/es\/wp-json\/wp\/v2\/media?parent=3"}],"curies":[{"name":"wp","href":"https:\/\/api.w.org\/{rel}","templated":true}]}}