{"id":2261,"date":"2026-04-01T20:29:55","date_gmt":"2026-04-02T01:29:55","guid":{"rendered":"https:\/\/mundosanomultiplagas.com\/?post_type=product&#038;p=2261"},"modified":"2026-04-01T20:41:43","modified_gmt":"2026-04-02T01:41:43","slug":"genus-eco-30","status":"publish","type":"product","link":"https:\/\/mundosanomultiplagas.com\/es\/product\/genus-eco-30\/","title":{"rendered":"GENUS ECO 30"},"content":{"rendered":"<p data-start=\"95\" data-end=\"148\">\ud83e\udd9f <strong data-start=\"98\" data-end=\"143\">GENUS ECO 30 \u2013 L\u00e1mpara UV Atrapa Insectos<\/strong> \ud83d\udca1<\/p>\n<p data-start=\"150\" data-end=\"325\">Mant\u00e9n tu espacio protegido con tecnolog\u00eda profesional que elimina insectos voladores de forma eficiente y sin qu\u00edmicos. Ideal para negocios, industrias y hogares exigentes.<\/p>\n<p data-start=\"327\" data-end=\"504\">\u2728 <strong data-start=\"329\" data-end=\"356\">Beneficios principales:<\/strong><br data-start=\"356\" data-end=\"359\" \/>\u2714\ufe0f Alta eficiencia en captura de insectos<br data-start=\"400\" data-end=\"403\" \/>\u2714\ufe0f Funcionamiento continuo 24\/7<br data-start=\"434\" data-end=\"437\" \/>\u2714\ufe0f Bajo consumo energ\u00e9tico \u26a1<br data-start=\"465\" data-end=\"468\" \/>\u2714\ufe0f Dise\u00f1o resistente y profesional<\/p>\n<p data-start=\"506\" data-end=\"550\">\ud83d\udccf <strong data-start=\"509\" data-end=\"525\">Dimensiones:<\/strong><br data-start=\"525\" data-end=\"528\" \/>53,3 x 29,7 x 8,6 cm<\/p>\n<p data-start=\"552\" data-end=\"616\">\ud83d\udce6 <strong data-start=\"555\" data-end=\"567\">Incluye:<\/strong><br data-start=\"567\" data-end=\"570\" \/>\ud83d\udd39 1 l\u00e1mina adhesiva<br data-start=\"590\" data-end=\"593\" \/>\ud83d\udd39 2 bulbos UV de 15W<\/p>\n<p data-start=\"618\" data-end=\"651\">\ud83d\udce1 <strong data-start=\"621\" data-end=\"635\">Cobertura:<\/strong><br data-start=\"635\" data-end=\"638\" \/>90 a 120 m\u00b2<\/p>\n<p data-start=\"653\" data-end=\"716\">\ud83d\udee1\ufe0f <strong data-start=\"657\" data-end=\"714\">Controla plagas y protege tu ambiente de forma segura<\/strong><\/p>\n<p data-start=\"718\" data-end=\"771\">\ud83d\ude80 \u00a1Agr\u00e9galo al carrito y trabaja sin interrupciones!<\/p>","protected":false},"excerpt":{"rendered":"<p>\ud83e\udd9f GENUS ECO 30 \u2013 L\u00e1mpara UV Atrapa Insectos \ud83d\udca1 Mant\u00e9n tu espacio protegido con tecnolog\u00eda profesional que elimina insectos voladores de forma eficiente y sin qu\u00edmicos. Ideal para negocios, industrias y hogares exigentes. \u2728 Beneficios principales:\u2714\ufe0f Alta eficiencia en&#8230;<\/p>","protected":false},"featured_media":2248,"comment_status":"open","ping_status":"closed","template":"","meta":[],"product_brand":[],"product_cat":[37,40,39],"product_tag":[],"class_list":{"0":"post-2261","1":"product","2":"type-product","3":"status-publish","4":"has-post-thumbnail","6":"product_cat-insectos-voladores","7":"product_cat-luz-ultravioleta","8":"product_cat-plagas-ocasionales","10":"first","11":"instock","12":"taxable","13":"shipping-taxable","14":"purchasable","15":"product-type-simple"},"_links":{"self":[{"href":"https:\/\/mundosanomultiplagas.com\/es\/wp-json\/wp\/v2\/product\/2261","targetHints":{"allow":["GET"]}}],"collection":[{"href":"https:\/\/mundosanomultiplagas.com\/es\/wp-json\/wp\/v2\/product"}],"about":[{"href":"https:\/\/mundosanomultiplagas.com\/es\/wp-json\/wp\/v2\/types\/product"}],"replies":[{"embeddable":true,"href":"https:\/\/mundosanomultiplagas.com\/es\/wp-json\/wp\/v2\/comments?post=2261"}],"wp:featuredmedia":[{"embeddable":true,"href":"https:\/\/mundosanomultiplagas.com\/es\/wp-json\/wp\/v2\/media\/2248"}],"wp:attachment":[{"href":"https:\/\/mundosanomultiplagas.com\/es\/wp-json\/wp\/v2\/media?parent=2261"}],"wp:term":[{"taxonomy":"product_brand","embeddable":true,"href":"https:\/\/mundosanomultiplagas.com\/es\/wp-json\/wp\/v2\/product_brand?post=2261"},{"taxonomy":"product_cat","embeddable":true,"href":"https:\/\/mundosanomultiplagas.com\/es\/wp-json\/wp\/v2\/product_cat?post=2261"},{"taxonomy":"product_tag","embeddable":true,"href":"https:\/\/mundosanomultiplagas.com\/es\/wp-json\/wp\/v2\/product_tag?post=2261"}],"curies":[{"name":"wp","href":"https:\/\/api.w.org\/{rel}","templated":true}]}}